{"id":653,"date":"2018-11-27T09:17:08","date_gmt":"2018-11-27T09:17:08","guid":{"rendered":"https:\/\/nyk.sk\/?page_id=653"},"modified":"2020-04-14T20:19:24","modified_gmt":"2020-04-14T19:19:24","slug":"kontakty","status":"publish","type":"page","link":"https:\/\/nyk.sk\/index.php\/sk\/kontakty\/","title":{"rendered":"Kontakty"},"content":{"rendered":"\t\t<div data-elementor-type=\"wp-post\" data-elementor-id=\"653\" class=\"elementor elementor-653\">\n\t\t\t\t\t\t<div class=\"elementor-inner\">\n\t\t\t\t<div class=\"elementor-section-wrap\">\n\t\t\t\t\t\t\t\t\t<section class=\"elementor-section elementor-top-section elementor-element elementor-element-fe10315 elementor-hidden-desktop elementor-section-boxed elementor-section-height-default elementor-section-height-default\" data-id=\"fe10315\" data-element_type=\"section\">\n\t\t\t\t\t\t<div class=\"elementor-container elementor-column-gap-default\">\n\t\t\t\t\t\t\t<div class=\"elementor-row\">\n\t\t\t\t\t<div class=\"elementor-column elementor-col-100 elementor-top-column elementor-element elementor-element-e13fec6\" data-id=\"e13fec6\" data-element_type=\"column\">\n\t\t\t<div class=\"elementor-column-wrap elementor-element-populated\">\n\t\t\t\t\t\t\t<div class=\"elementor-widget-wrap\">\n\t\t\t\t\t\t<div class=\"elementor-element elementor-element-f6b1939 elementor-hidden-desktop elementor-widget elementor-widget-text-editor\" data-id=\"f6b1939\" data-element_type=\"widget\" data-widget_type=\"text-editor.default\">\n\t\t\t\t<div class=\"elementor-widget-container\">\n\t\t\t\t\t\t\t\t<div class=\"elementor-text-editor elementor-clearfix\">\n\t\t\t\t<p>Kontakty<\/p><h6>\u00a0<\/h6><p>NYK consult s.r.o.<\/p><p>Hubov\u00e1 44, 93101 \u0160amor\u00edn<\/p><p>mail: info(at)nyk.sk<\/p><p>konate\u013e:<\/p><p>Ing. K\u00e1roly Ny\u00e1rf\u00e1s<\/p><p>mob.: +421-905-652 888<\/p><p>I\u010cO: 46587161<\/p><p>I\u010c DPH: SK2023493131<\/p>\t\t\t\t\t<\/div>\n\t\t\t\t\t\t<\/div>\n\t\t\t\t<\/div>\n\t\t\t\t\t\t<\/div>\n\t\t\t\t\t<\/div>\n\t\t<\/div>\n\t\t\t\t\t\t\t\t<\/div>\n\t\t\t\t\t<\/div>\n\t\t<\/section>\n\t\t\t\t<section class=\"elementor-section elementor-top-section elementor-element elementor-element-d7d8b56 elementor-section-full_width elementor-section-height-full elementor-section-height-default elementor-section-items-middle\" data-id=\"d7d8b56\" data-element_type=\"section\" data-settings=\"{&quot;background_background&quot;:&quot;classic&quot;}\">\n\t\t\t\t\t\t\t<div class=\"elementor-background-overlay\"><\/div>\n\t\t\t\t\t\t\t<div class=\"elementor-container elementor-column-gap-default\">\n\t\t\t\t\t\t\t<div class=\"elementor-row\">\n\t\t\t\t\t<div class=\"elementor-column elementor-col-50 elementor-top-column elementor-element elementor-element-b3d335b\" data-id=\"b3d335b\" data-element_type=\"column\">\n\t\t\t<div class=\"elementor-column-wrap elementor-element-populated\">\n\t\t\t\t\t\t\t<div class=\"elementor-widget-wrap\">\n\t\t\t\t\t\t<div class=\"elementor-element elementor-element-fdeb457 elementor-hidden-phone elementor-widget elementor-widget-text-editor\" data-id=\"fdeb457\" data-element_type=\"widget\" data-widget_type=\"text-editor.default\">\n\t\t\t\t<div class=\"elementor-widget-container\">\n\t\t\t\t\t\t\t\t<div class=\"elementor-text-editor elementor-clearfix\">\n\t\t\t\t<p class=\"western\" align=\"center\"><span style=\"font-family: Cabin, sans-serif;\">Kontakty<\/span><\/p><p align=\"center\">\u00a0<\/p><p class=\"western\" align=\"center\"><span style=\"font-family: Cabin, sans-serif;\">NYK consult s.r.o.<\/span><\/p><p class=\"western\" align=\"center\"><span style=\"font-family: Cabin, sans-serif;\">Hubov\u00e1 44, 93101 \u0160amor\u00edn, Slovensk\u00e1 republika<\/span><\/p><p class=\"western\" align=\"center\"><span style=\"font-family: Cabin, sans-serif;\">konate\u013e spolo\u010dnosti: <\/span><\/p><p class=\"western\" align=\"center\"><span style=\"font-family: Cabin, sans-serif;\">Ing. K\u00e1roly Ny\u00e1rf\u00e1s, m: +421-905 652 888<\/span><\/p><p class=\"western\" align=\"center\"><span style=\"font-family: Cabin, sans-serif;\">mail: info(at)nyk.sk<\/span><\/p><p class=\"western\" align=\"center\"><span style=\"font-family: Cabin, sans-serif;\">I\u010cO: 46 587 161<\/span><\/p><p class=\"western\" align=\"center\"><span style=\"font-family: Cabin, sans-serif;\">I\u010c DPH: SK2023493131<\/span><\/p>\t\t\t\t\t<\/div>\n\t\t\t\t\t\t<\/div>\n\t\t\t\t<\/div>\n\t\t\t\t\t\t<\/div>\n\t\t\t\t\t<\/div>\n\t\t<\/div>\n\t\t\t\t<div class=\"elementor-column elementor-col-50 elementor-top-column elementor-element elementor-element-674669b\" data-id=\"674669b\" data-element_type=\"column\">\n\t\t\t<div class=\"elementor-column-wrap\">\n\t\t\t\t\t\t\t<div class=\"elementor-widget-wrap\">\n\t\t\t\t\t\t\t\t<\/div>\n\t\t\t\t\t<\/div>\n\t\t<\/div>\n\t\t\t\t\t\t\t\t<\/div>\n\t\t\t\t\t<\/div>\n\t\t<\/section>\n\t\t\t\t\t\t\t\t\t<\/div>\n\t\t\t<\/div>\n\t\t\t\t\t<\/div>\n\t\t","protected":false},"excerpt":{"rendered":"<p>Kontakty NYK consult s.r.o. Hubov\u00e1 44, 93101 \u0160amor\u00edn mail: info(at)nyk.sk konate\u013e: Ing. K\u00e1roly Ny\u00e1rf\u00e1s mob.: +421-905-652 888 I\u010cO: 46587161 I\u010c DPH: SK2023493131 Kontakty NYK consult s.r.o. Hubov\u00e1 44, 93101 \u0160amor\u00edn, Slovensk\u00e1 republika konate\u013e spolo\u010dnosti: Ing. K\u00e1roly Ny\u00e1rf\u00e1s, m: +421-905 652 888 mail: info(at)nyk.sk I\u010cO: 46 587 161 I\u010c DPH: SK2023493131<\/p>\n","protected":false},"author":1,"featured_media":0,"parent":0,"menu_order":0,"comment_status":"closed","ping_status":"closed","template":"elementor_header_footer","meta":[],"aioseo_notices":[],"_links":{"self":[{"href":"https:\/\/nyk.sk\/index.php\/wp-json\/wp\/v2\/pages\/653"}],"collection":[{"href":"https:\/\/nyk.sk\/index.php\/wp-json\/wp\/v2\/pages"}],"about":[{"href":"https:\/\/nyk.sk\/index.php\/wp-json\/wp\/v2\/types\/page"}],"author":[{"embeddable":true,"href":"https:\/\/nyk.sk\/index.php\/wp-json\/wp\/v2\/users\/1"}],"replies":[{"embeddable":true,"href":"https:\/\/nyk.sk\/index.php\/wp-json\/wp\/v2\/comments?post=653"}],"version-history":[{"count":8,"href":"https:\/\/nyk.sk\/index.php\/wp-json\/wp\/v2\/pages\/653\/revisions"}],"predecessor-version":[{"id":788,"href":"https:\/\/nyk.sk\/index.php\/wp-json\/wp\/v2\/pages\/653\/revisions\/788"}],"wp:attachment":[{"href":"https:\/\/nyk.sk\/index.php\/wp-json\/wp\/v2\/media?parent=653"}],"curies":[{"name":"wp","href":"https:\/\/api.w.org\/{rel}","templated":true}]}}