{"id":461,"date":"2018-11-27T09:17:08","date_gmt":"2018-11-27T09:17:08","guid":{"rendered":"http:\/\/nyk.sk\/about\/"},"modified":"2020-04-14T20:18:18","modified_gmt":"2020-04-14T19:18:18","slug":"contacts-2","status":"publish","type":"page","link":"https:\/\/nyk.sk\/index.php\/contacts-2\/","title":{"rendered":"Contacts"},"content":{"rendered":"\t\t<div data-elementor-type=\"wp-post\" data-elementor-id=\"461\" class=\"elementor elementor-461\">\n\t\t\t\t\t\t<div class=\"elementor-inner\">\n\t\t\t\t<div class=\"elementor-section-wrap\">\n\t\t\t\t\t\t\t\t\t<section class=\"elementor-section elementor-top-section elementor-element elementor-element-c73ffd7 elementor-section-boxed elementor-section-height-default elementor-section-height-default\" data-id=\"c73ffd7\" data-element_type=\"section\">\n\t\t\t\t\t\t<div class=\"elementor-container elementor-column-gap-default\">\n\t\t\t\t\t\t\t<div class=\"elementor-row\">\n\t\t\t\t\t<div class=\"elementor-column elementor-col-100 elementor-top-column elementor-element elementor-element-542343e\" data-id=\"542343e\" data-element_type=\"column\">\n\t\t\t<div class=\"elementor-column-wrap elementor-element-populated\">\n\t\t\t\t\t\t\t<div class=\"elementor-widget-wrap\">\n\t\t\t\t\t\t<div class=\"elementor-element elementor-element-46baeba elementor-hidden-desktop elementor-widget elementor-widget-text-editor\" data-id=\"46baeba\" data-element_type=\"widget\" data-widget_type=\"text-editor.default\">\n\t\t\t\t<div class=\"elementor-widget-container\">\n\t\t\t\t\t\t\t\t<div class=\"elementor-text-editor elementor-clearfix\">\n\t\t\t\t<p>Contacts<\/p><p>\u00a0<\/p><p>NYK consult s.r.o.<\/p><p>Hubov\u00e1 44, 93101 \u0160amor\u00edn, Slovakia<\/p><p>mail: info(at)nyk.sk<\/p><p>executive:<\/p><p>Ing. K\u00e1roly Ny\u00e1rf\u00e1s<\/p><p>mob.: +421-905-652 888<\/p><p>Co. ID: 46587161<\/p><p>VAT Nr.: SK2023493131<\/p>\t\t\t\t\t<\/div>\n\t\t\t\t\t\t<\/div>\n\t\t\t\t<\/div>\n\t\t\t\t\t\t<\/div>\n\t\t\t\t\t<\/div>\n\t\t<\/div>\n\t\t\t\t\t\t\t\t<\/div>\n\t\t\t\t\t<\/div>\n\t\t<\/section>\n\t\t\t\t<section class=\"elementor-section elementor-top-section elementor-element elementor-element-d7d8b56 elementor-section-full_width elementor-section-height-min-height elementor-section-height-default elementor-section-items-middle\" data-id=\"d7d8b56\" data-element_type=\"section\" data-settings=\"{&quot;background_background&quot;:&quot;classic&quot;}\">\n\t\t\t\t\t\t\t<div class=\"elementor-background-overlay\"><\/div>\n\t\t\t\t\t\t\t<div class=\"elementor-container elementor-column-gap-default\">\n\t\t\t\t\t\t\t<div class=\"elementor-row\">\n\t\t\t\t\t<div class=\"elementor-column elementor-col-50 elementor-top-column elementor-element elementor-element-63c6297\" data-id=\"63c6297\" data-element_type=\"column\">\n\t\t\t<div class=\"elementor-column-wrap elementor-element-populated\">\n\t\t\t\t\t\t\t<div class=\"elementor-widget-wrap\">\n\t\t\t\t\t\t<div class=\"elementor-element elementor-element-1a86063 elementor-hidden-phone elementor-widget elementor-widget-text-editor\" data-id=\"1a86063\" data-element_type=\"widget\" data-widget_type=\"text-editor.default\">\n\t\t\t\t<div class=\"elementor-widget-container\">\n\t\t\t\t\t\t\t\t<div class=\"elementor-text-editor elementor-clearfix\">\n\t\t\t\t<p>Contacts<\/p><p>\u00a0<\/p><p>NYK consult s.r.o.<\/p><p>Hubov\u00e1 44, 93101 \u0160amor\u00edn, Slovakia<\/p><p>mail: info(at)nyk.sk<\/p><p>executive:<\/p><p>Ing. K\u00e1roly Ny\u00e1rf\u00e1s<\/p><p>mob: +421-905 652 888<\/p><p>Co.ID: 46587161<\/p><p>VAT Nr: SK2023493131<\/p>\t\t\t\t\t<\/div>\n\t\t\t\t\t\t<\/div>\n\t\t\t\t<\/div>\n\t\t\t\t\t\t<\/div>\n\t\t\t\t\t<\/div>\n\t\t<\/div>\n\t\t\t\t<div class=\"elementor-column elementor-col-50 elementor-top-column elementor-element elementor-element-e7b7f19\" data-id=\"e7b7f19\" data-element_type=\"column\">\n\t\t\t<div class=\"elementor-column-wrap\">\n\t\t\t\t\t\t\t<div class=\"elementor-widget-wrap\">\n\t\t\t\t\t\t\t\t<\/div>\n\t\t\t\t\t<\/div>\n\t\t<\/div>\n\t\t\t\t\t\t\t\t<\/div>\n\t\t\t\t\t<\/div>\n\t\t<\/section>\n\t\t\t\t\t\t\t\t\t<\/div>\n\t\t\t<\/div>\n\t\t\t\t\t<\/div>\n\t\t","protected":false},"excerpt":{"rendered":"<p>Contacts NYK consult s.r.o. Hubov\u00e1 44, 93101 \u0160amor\u00edn, Slovakia mail: info(at)nyk.sk executive: Ing. K\u00e1roly Ny\u00e1rf\u00e1s mob.: +421-905-652 888 Co. ID: 46587161 VAT Nr.: SK2023493131 Contacts NYK consult s.r.o. Hubov\u00e1 44, 93101 \u0160amor\u00edn, Slovakia mail: info(at)nyk.sk executive: Ing. K\u00e1roly Ny\u00e1rf\u00e1s mob: +421-905 652 888 Co.ID: 46587161 VAT Nr: SK2023493131<\/p>\n","protected":false},"author":1,"featured_media":0,"parent":0,"menu_order":0,"comment_status":"closed","ping_status":"closed","template":"elementor_header_footer","meta":[],"aioseo_notices":[],"_links":{"self":[{"href":"https:\/\/nyk.sk\/index.php\/wp-json\/wp\/v2\/pages\/461"}],"collection":[{"href":"https:\/\/nyk.sk\/index.php\/wp-json\/wp\/v2\/pages"}],"about":[{"href":"https:\/\/nyk.sk\/index.php\/wp-json\/wp\/v2\/types\/page"}],"author":[{"embeddable":true,"href":"https:\/\/nyk.sk\/index.php\/wp-json\/wp\/v2\/users\/1"}],"replies":[{"embeddable":true,"href":"https:\/\/nyk.sk\/index.php\/wp-json\/wp\/v2\/comments?post=461"}],"version-history":[{"count":11,"href":"https:\/\/nyk.sk\/index.php\/wp-json\/wp\/v2\/pages\/461\/revisions"}],"predecessor-version":[{"id":787,"href":"https:\/\/nyk.sk\/index.php\/wp-json\/wp\/v2\/pages\/461\/revisions\/787"}],"wp:attachment":[{"href":"https:\/\/nyk.sk\/index.php\/wp-json\/wp\/v2\/media?parent=461"}],"curies":[{"name":"wp","href":"https:\/\/api.w.org\/{rel}","templated":true}]}}